{"id":2,"date":"2016-05-10T03:48:21","date_gmt":"2016-05-10T03:48:21","guid":{"rendered":"http:\/\/nervenundkrieg.de\/?page_id=2"},"modified":"2017-08-03T09:55:45","modified_gmt":"2017-08-03T09:55:45","slug":"sample-page","status":"publish","type":"page","link":"http:\/\/nervenundkrieg.de\/?page_id=2","title":{"rendered":"Internationale Konferenz"},"content":{"rendered":"<h1 class=\"mceTemp\">Nerven und Krieg. Psychische Mobilisierungs- und Leidenserfahrungen in Deutschland 1900-1933<\/h1>\n<p>&nbsp;<\/p>\n<h6><strong>12.-13. Oktober 2017, Friedrich-Meinecke-Institut der Freien Universit\u00e4t Berlin<\/strong><\/h6>\n<h6><strong>organisiert von Gundula Gahlen, Bj\u00f6rn Hofmeister, Christoph N\u00fcbel und Deniza Petrova<\/strong><\/h6>\n<p>&nbsp;<\/p>\n<p style=\"text-align: left;\">Das Thema Nerven hatte in den deutschen Kriegsdebatten seit dem Beginn des 20. Jahrhunderts einen zentralen Stellenwert. In Politik, \u00d6ffentlichkeit, Milit\u00e4r oder Wissenschaft wurde die Frage diskutiert, welche Belastungen ein zuk\u00fcnftiger Krieg den Nerven der deutschen Bev\u00f6lkerung abverlangen w\u00fcrde. <a href=\"http:\/\/nervenundkrieg.de\/wp-content\/uploads\/2016\/05\/Den-Krieg-gewinnt-wer-die-st\u00e4rkeren-Nerven-hat_Bild_kompr.jpg\" target=\"_blank\" rel=\"noopener\"><img loading=\"lazy\" decoding=\"async\" class=\"wp-image-234 size-medium alignleft\" src=\"http:\/\/nervenundkrieg.de\/wp-content\/uploads\/2016\/05\/Den-Krieg-gewinnt-wer-die-st\u00e4rkeren-Nerven-hat_Bild_kompr-191x300.jpg\" alt=\"\" width=\"191\" height=\"300\" srcset=\"http:\/\/nervenundkrieg.de\/wp-content\/uploads\/2016\/05\/Den-Krieg-gewinnt-wer-die-st\u00e4rkeren-Nerven-hat_Bild_kompr-191x300.jpg 191w, http:\/\/nervenundkrieg.de\/wp-content\/uploads\/2016\/05\/Den-Krieg-gewinnt-wer-die-st\u00e4rkeren-Nerven-hat_Bild_kompr-768x1203.jpg 768w, http:\/\/nervenundkrieg.de\/wp-content\/uploads\/2016\/05\/Den-Krieg-gewinnt-wer-die-st\u00e4rkeren-Nerven-hat_Bild_kompr-653x1024.jpg 653w\" sizes=\"(max-width: 191px) 100vw, 191px\" \/><\/a>Im Ersten Weltkrieg wurden Nervenst\u00e4rke und Nervenschw\u00e4che schlie\u00dflich\u00a0 zu h\u00e4ufig benutzten Kampfbegriffen. Hinzu kam die massenhafte Erfahrung von psychischen Versehrungen und Leiden. Und auch nach dem Kriegsende blieb die sozialpolitische Verwaltung und medizinische Behandlung der psychischen Kriegsbesch\u00e4digungen ein brisantes Thema. Gleichzeitig erfolgte eine erneute geistige Kriegsmobilisierung in der Weimarer Republik, die im Nationalsozialismus durch die \u201eGleichschaltung\u201c des Staates zunehmend alle Bereiche des gesellschaftlichen Lebens in diese Entwicklung einbezog.<\/p>\n<p style=\"text-align: left;\">Nachdem sich die Forschung der Behandlung und Versorgung von psychischen Kriegsversehrten in den letzten Jahren angenommen hat, stellt diese Tagung zeitgen\u00f6ssische Nervendiskurse in\u00a0 Milit\u00e4r, Politik, Wissenschaft und Gesellschaft in den Mittelpunkt und m\u00f6chte deren Wechselwirkungen als auch deren praktische Konsequenzen f\u00fcr die Zeit von 1900 bis 1933 untersuchen. Die Tagung geht davon aus, dass Nerven als Chiffre und Konstrukt zu verstehen sind, mit denen Identit\u00e4ten verhandelt wurden. Entsprechend thematisiert die Tagung sowohl die zeitgen\u00f6ssischen Nervendiskurse in Wissenschaft, Milit\u00e4r, Politik und \u00d6ffentlichkeit wie auch individuelle und kollektive psychische Mobilisierungs- und Leidenserfahrungen. Der r\u00e4umliche Schwerpunkt liegt dabei auf Deutschland, das im europ\u00e4ischen Kontext analysiert wird.<\/p>\n<h5 style=\"text-align: left;\"><strong>Ort: Freie Universit\u00e4t Berlin, Fabeckstra\u00dfe 23-25, 14195 Berlin, Raum: 2.2059 Anmeldung bis zum 5.10.2017 unter: dpetrova@zedat.fu-berlin.de<\/strong><\/h5>\n<pre>Bildpostkarte <a href=\"http:\/\/www.bildpostkarten.uni-osnabrueck.de\/displayimage.php?pos=-11379\" target=\"_blank\" rel=\"noopener\">Den Krieg gewinnt, wer die st\u00e4rkeren Nerven hat<\/a> \r\n\u00a9 Universit\u00e4t Osnabr\u00fcck, \u00bbHistorische Bildpostkartensammlung Prof. Dr. Sabine Giesbrecht\u00ab<\/pre>\n<h5 style=\"text-align: left;\"><\/h5>\n","protected":false},"excerpt":{"rendered":"<p>Nerven und Krieg. Psychische Mobilisierungs- und Leidenserfahrungen in Deutschland 1900-1933 &nbsp; 12.-13. Oktober 2017, Friedrich-Meinecke-Institut der Freien Universit\u00e4t Berlin organisiert von Gundula Gahlen, Bj\u00f6rn Hofmeister, Christoph N\u00fcbel und Deniza Petrova &nbsp; Das Thema Nerven hatte in den deutschen Kriegsdebatten seit dem Beginn des 20. Jahrhunderts einen zentralen Stellenwert. In Politik, \u00d6ffentlichkeit, Milit\u00e4r oder Wissenschaft wurde [&hellip;]<\/p>\n","protected":false},"author":1,"featured_media":0,"parent":0,"menu_order":0,"comment_status":"closed","ping_status":"open","template":"","meta":{"footnotes":""},"_links":{"self":[{"href":"http:\/\/nervenundkrieg.de\/index.php?rest_route=\/wp\/v2\/pages\/2"}],"collection":[{"href":"http:\/\/nervenundkrieg.de\/index.php?rest_route=\/wp\/v2\/pages"}],"about":[{"href":"http:\/\/nervenundkrieg.de\/index.php?rest_route=\/wp\/v2\/types\/page"}],"author":[{"embeddable":true,"href":"http:\/\/nervenundkrieg.de\/index.php?rest_route=\/wp\/v2\/users\/1"}],"replies":[{"embeddable":true,"href":"http:\/\/nervenundkrieg.de\/index.php?rest_route=%2Fwp%2Fv2%2Fcomments&post=2"}],"version-history":[{"count":61,"href":"http:\/\/nervenundkrieg.de\/index.php?rest_route=\/wp\/v2\/pages\/2\/revisions"}],"predecessor-version":[{"id":237,"href":"http:\/\/nervenundkrieg.de\/index.php?rest_route=\/wp\/v2\/pages\/2\/revisions\/237"}],"wp:attachment":[{"href":"http:\/\/nervenundkrieg.de\/index.php?rest_route=%2Fwp%2Fv2%2Fmedia&parent=2"}],"curies":[{"name":"wp","href":"https:\/\/api.w.org\/{rel}","templated":true}]}}